{"id":2,"date":"2023-09-06T17:16:02","date_gmt":"2023-09-06T14:16:02","guid":{"rendered":"http:\/\/karakocisisistemleri.com\/?page_id=2"},"modified":"2024-11-21T12:11:48","modified_gmt":"2024-11-21T09:11:48","slug":"ornek-sayfa","status":"publish","type":"page","link":"https:\/\/karakocisisistemleri.com\/index.php\/ornek-sayfa\/","title":{"rendered":"hakk\u0131m\u0131zda"},"content":{"rendered":"\n<figure class=\"wp-block-image size-full is-resized\"><img loading=\"lazy\" decoding=\"async\" width=\"520\" height=\"509\" src=\"http:\/\/karakocisisistemleri.com\/wp-content\/uploads\/2024\/06\/IMG_9936-1.jpeg\" alt=\"\" class=\"wp-image-811\" style=\"width:160px;height:160px\" srcset=\"https:\/\/karakocisisistemleri.com\/wp-content\/uploads\/2024\/06\/IMG_9936-1.jpeg 520w, https:\/\/karakocisisistemleri.com\/wp-content\/uploads\/2024\/06\/IMG_9936-1-300x294.jpeg 300w\" sizes=\"auto, (max-width: 520px) 100vw, 520px\" \/><\/figure>\n\n\n\n<p><strong>Karako\u00e7 Tesisat Olarak Y\u0131llar\u0131n Birikimiyle Siz De\u011ferli M\u00fc\u015fterilerimize 20 Y\u0131l\u0131 A\u015fk\u0131n Tecr\u00fcbemizle Samsun Genelin,de Ve \u0130l\u00e7elerinde \u0130\u015f Yeri Ve Konutlar \u0130\u00e7in Hizmet Sunmaktay\u0131z. Su Tesisat\u0131 Kat kaloriferi Do\u011falgaz Petek Tesisat Temizli\u011fi Su Ka\u00e7ak Tespiti Kanal G\u00f6r\u00fcnt\u00fcleme T\u0131kal\u0131 Lavabo Mutvak Tuvalet Banyo Gideri A\u00e7ma Daire Banyo Wc Dekorasyon Kombi Radyat\u00f6r Sat\u0131\u015f Montaj Komple Tadilat Tamirat Bak\u0131m Onar\u0131m \u0130\u015fleri Anahtar Teslim Yap\u0131yoruz.<\/strong><\/p>\n\n\n\n<p><strong> \u0130leti\u015fim Bilgileri \u00c7iftlik Mahallesi. Letafet cad. 73\/A \u0130lkad\u0131m\/Samsun<\/strong><\/p>\n\n\n\n<p><strong>Cep:0532 705 83 57<\/strong><\/p>\n\n\n\n<p><strong>Tel:0362 233 63 94<\/strong><\/p>\n\n\n\n<p><strong> e-mail:karakocisisistemleri@hotmail.com<\/strong><\/p>\n\n\n\n<pre class=\"wp-block-code\"><code><\/code><\/pre>\n","protected":false},"excerpt":{"rendered":"<p>Karako\u00e7 Tesisat Olarak Y\u0131llar\u0131n Birikimiyle Siz De\u011ferli M\u00fc\u015fterilerimize 20 Y\u0131l\u0131 A\u015fk\u0131n Tecr\u00fcbemizle Samsun Genelin,de Ve \u0130l\u00e7elerinde \u0130\u015f Yeri Ve Konutlar \u0130\u00e7in Hizmet Sunmaktay\u0131z. Su Tesisat\u0131 Kat kaloriferi Do\u011falgaz Petek Tesisat Temizli\u011fi Su Ka\u00e7ak Tespiti Kanal G\u00f6r\u00fcnt\u00fcleme T\u0131kal\u0131 Lavabo Mutvak Tuvalet Banyo Gideri A\u00e7ma Daire Banyo Wc Dekorasyon Kombi Radyat\u00f6r Sat\u0131\u015f Montaj Komple Tadilat Tamirat Bak\u0131m [&hellip;]<\/p>\n","protected":false},"author":1,"featured_media":0,"parent":0,"menu_order":0,"comment_status":"closed","ping_status":"open","template":"","meta":{"om_disable_all_campaigns":false,"_monsterinsights_skip_tracking":false,"_monsterinsights_sitenote_active":false,"_monsterinsights_sitenote_note":"","_monsterinsights_sitenote_category":0,"_uf_show_specific_survey":0,"_uf_disable_surveys":false,"_themeisle_gutenberg_block_has_review":false,"footnotes":""},"class_list":["post-2","page","type-page","status-publish","hentry"],"yoast_head":"<!-- This site is optimized with the Yoast SEO plugin v27.2 - https:\/\/yoast.com\/product\/yoast-seo-wordpress\/ -->\n<title>hakk\u0131m\u0131zda - Karako\u00e7 Tesisat Samsun<\/title>\n<meta name=\"robots\" content=\"index, follow, max-snippet:-1, max-image-preview:large, max-video-preview:-1\" \/>\n<link rel=\"canonical\" href=\"https:\/\/karakocisisistemleri.com\/index.php\/ornek-sayfa\/\" \/>\n<meta property=\"og:locale\" content=\"tr_TR\" \/>\n<meta property=\"og:type\" content=\"article\" \/>\n<meta property=\"og:title\" content=\"hakk\u0131m\u0131zda - Karako\u00e7 Tesisat Samsun\" \/>\n<meta property=\"og:description\" content=\"Karako\u00e7 Tesisat Olarak Y\u0131llar\u0131n Birikimiyle Siz De\u011ferli M\u00fc\u015fterilerimize 20 Y\u0131l\u0131 A\u015fk\u0131n Tecr\u00fcbemizle Samsun Genelin,de Ve \u0130l\u00e7elerinde \u0130\u015f Yeri Ve Konutlar \u0130\u00e7in Hizmet Sunmaktay\u0131z. Su Tesisat\u0131 Kat kaloriferi Do\u011falgaz Petek Tesisat Temizli\u011fi Su Ka\u00e7ak Tespiti Kanal G\u00f6r\u00fcnt\u00fcleme T\u0131kal\u0131 Lavabo Mutvak Tuvalet Banyo Gideri A\u00e7ma Daire Banyo Wc Dekorasyon Kombi Radyat\u00f6r Sat\u0131\u015f Montaj Komple Tadilat Tamirat Bak\u0131m [&hellip;]\" \/>\n<meta property=\"og:url\" content=\"https:\/\/karakocisisistemleri.com\/index.php\/ornek-sayfa\/\" \/>\n<meta property=\"og:site_name\" content=\"Karako\u00e7 Tesisat Samsun\" \/>\n<meta property=\"article:publisher\" content=\"https:\/\/m.facebook.com\/people\/Karako-Is-Yap-Dekorasyon\/100002465574292\/\" \/>\n<meta property=\"article:modified_time\" content=\"2024-11-21T09:11:48+00:00\" \/>\n<meta property=\"og:image\" content=\"https:\/\/karakocisisistemleri.com\/wp-content\/uploads\/2024\/06\/IMG_9936-1.jpeg\" \/>\n\t<meta property=\"og:image:width\" content=\"520\" \/>\n\t<meta property=\"og:image:height\" content=\"509\" \/>\n\t<meta property=\"og:image:type\" content=\"image\/jpeg\" \/>\n<meta name=\"twitter:card\" content=\"summary_large_image\" \/>\n<meta name=\"twitter:site\" content=\"@karakoctesisat\" \/>\n<meta name=\"twitter:label1\" content=\"Tahmini okuma s\u00fcresi\" \/>\n\t<meta name=\"twitter:data1\" content=\"1 dakika\" \/>\n<script type=\"application\/ld+json\" class=\"yoast-schema-graph\">{\"@context\":\"https:\/\/schema.org\",\"@graph\":[{\"@type\":\"WebPage\",\"@id\":\"https:\/\/karakocisisistemleri.com\/index.php\/ornek-sayfa\/\",\"url\":\"https:\/\/karakocisisistemleri.com\/index.php\/ornek-sayfa\/\",\"name\":\"hakk\u0131m\u0131zda - Karako\u00e7 Tesisat Samsun\",\"isPartOf\":{\"@id\":\"https:\/\/karakocisisistemleri.com\/#website\"},\"primaryImageOfPage\":{\"@id\":\"https:\/\/karakocisisistemleri.com\/index.php\/ornek-sayfa\/#primaryimage\"},\"image\":{\"@id\":\"https:\/\/karakocisisistemleri.com\/index.php\/ornek-sayfa\/#primaryimage\"},\"thumbnailUrl\":\"http:\/\/karakocisisistemleri.com\/wp-content\/uploads\/2024\/06\/IMG_9936-1.jpeg\",\"datePublished\":\"2023-09-06T14:16:02+00:00\",\"dateModified\":\"2024-11-21T09:11:48+00:00\",\"breadcrumb\":{\"@id\":\"https:\/\/karakocisisistemleri.com\/index.php\/ornek-sayfa\/#breadcrumb\"},\"inLanguage\":\"tr\",\"potentialAction\":[{\"@type\":\"ReadAction\",\"target\":[\"https:\/\/karakocisisistemleri.com\/index.php\/ornek-sayfa\/\"]}]},{\"@type\":\"ImageObject\",\"inLanguage\":\"tr\",\"@id\":\"https:\/\/karakocisisistemleri.com\/index.php\/ornek-sayfa\/#primaryimage\",\"url\":\"https:\/\/karakocisisistemleri.com\/wp-content\/uploads\/2024\/06\/IMG_9936-1.jpeg\",\"contentUrl\":\"https:\/\/karakocisisistemleri.com\/wp-content\/uploads\/2024\/06\/IMG_9936-1.jpeg\",\"width\":520,\"height\":509},{\"@type\":\"BreadcrumbList\",\"@id\":\"https:\/\/karakocisisistemleri.com\/index.php\/ornek-sayfa\/#breadcrumb\",\"itemListElement\":[{\"@type\":\"ListItem\",\"position\":1,\"name\":\"Anasayfa\",\"item\":\"https:\/\/karakocisisistemleri.com\/\"},{\"@type\":\"ListItem\",\"position\":2,\"name\":\"hakk\u0131m\u0131zda\"}]},{\"@type\":\"WebSite\",\"@id\":\"https:\/\/karakocisisistemleri.com\/#website\",\"url\":\"https:\/\/karakocisisistemleri.com\/\",\"name\":\"Karako\u00e7 Tesisat Samsun\",\"description\":\"\",\"publisher\":{\"@id\":\"https:\/\/karakocisisistemleri.com\/#organization\"},\"potentialAction\":[{\"@type\":\"SearchAction\",\"target\":{\"@type\":\"EntryPoint\",\"urlTemplate\":\"https:\/\/karakocisisistemleri.com\/?s={search_term_string}\"},\"query-input\":{\"@type\":\"PropertyValueSpecification\",\"valueRequired\":true,\"valueName\":\"search_term_string\"}}],\"inLanguage\":\"tr\"},{\"@type\":\"Organization\",\"@id\":\"https:\/\/karakocisisistemleri.com\/#organization\",\"name\":\"Karako\u00e7 Tesisat Samsun\",\"url\":\"https:\/\/karakocisisistemleri.com\/\",\"logo\":{\"@type\":\"ImageObject\",\"inLanguage\":\"tr\",\"@id\":\"https:\/\/karakocisisistemleri.com\/#\/schema\/logo\/image\/\",\"url\":\"https:\/\/karakocisisistemleri.com\/wp-content\/uploads\/2023\/09\/dd.jpg\",\"contentUrl\":\"https:\/\/karakocisisistemleri.com\/wp-content\/uploads\/2023\/09\/dd.jpg\",\"width\":275,\"height\":183,\"caption\":\"Karako\u00e7 Tesisat Samsun\"},\"image\":{\"@id\":\"https:\/\/karakocisisistemleri.com\/#\/schema\/logo\/image\/\"},\"sameAs\":[\"https:\/\/m.facebook.com\/people\/Karako-Is-Yap-Dekorasyon\/100002465574292\/\",\"https:\/\/x.com\/karakoctesisat\"]}]}<\/script>\n<!-- \/ Yoast SEO plugin. -->","yoast_head_json":{"title":"hakk\u0131m\u0131zda - Karako\u00e7 Tesisat Samsun","robots":{"index":"index","follow":"follow","max-snippet":"max-snippet:-1","max-image-preview":"max-image-preview:large","max-video-preview":"max-video-preview:-1"},"canonical":"https:\/\/karakocisisistemleri.com\/index.php\/ornek-sayfa\/","og_locale":"tr_TR","og_type":"article","og_title":"hakk\u0131m\u0131zda - Karako\u00e7 Tesisat Samsun","og_description":"Karako\u00e7 Tesisat Olarak Y\u0131llar\u0131n Birikimiyle Siz De\u011ferli M\u00fc\u015fterilerimize 20 Y\u0131l\u0131 A\u015fk\u0131n Tecr\u00fcbemizle Samsun Genelin,de Ve \u0130l\u00e7elerinde \u0130\u015f Yeri Ve Konutlar \u0130\u00e7in Hizmet Sunmaktay\u0131z. Su Tesisat\u0131 Kat kaloriferi Do\u011falgaz Petek Tesisat Temizli\u011fi Su Ka\u00e7ak Tespiti Kanal G\u00f6r\u00fcnt\u00fcleme T\u0131kal\u0131 Lavabo Mutvak Tuvalet Banyo Gideri A\u00e7ma Daire Banyo Wc Dekorasyon Kombi Radyat\u00f6r Sat\u0131\u015f Montaj Komple Tadilat Tamirat Bak\u0131m [&hellip;]","og_url":"https:\/\/karakocisisistemleri.com\/index.php\/ornek-sayfa\/","og_site_name":"Karako\u00e7 Tesisat Samsun","article_publisher":"https:\/\/m.facebook.com\/people\/Karako-Is-Yap-Dekorasyon\/100002465574292\/","article_modified_time":"2024-11-21T09:11:48+00:00","og_image":[{"width":520,"height":509,"url":"https:\/\/karakocisisistemleri.com\/wp-content\/uploads\/2024\/06\/IMG_9936-1.jpeg","type":"image\/jpeg"}],"twitter_card":"summary_large_image","twitter_site":"@karakoctesisat","twitter_misc":{"Tahmini okuma s\u00fcresi":"1 dakika"},"schema":{"@context":"https:\/\/schema.org","@graph":[{"@type":"WebPage","@id":"https:\/\/karakocisisistemleri.com\/index.php\/ornek-sayfa\/","url":"https:\/\/karakocisisistemleri.com\/index.php\/ornek-sayfa\/","name":"hakk\u0131m\u0131zda - Karako\u00e7 Tesisat Samsun","isPartOf":{"@id":"https:\/\/karakocisisistemleri.com\/#website"},"primaryImageOfPage":{"@id":"https:\/\/karakocisisistemleri.com\/index.php\/ornek-sayfa\/#primaryimage"},"image":{"@id":"https:\/\/karakocisisistemleri.com\/index.php\/ornek-sayfa\/#primaryimage"},"thumbnailUrl":"http:\/\/karakocisisistemleri.com\/wp-content\/uploads\/2024\/06\/IMG_9936-1.jpeg","datePublished":"2023-09-06T14:16:02+00:00","dateModified":"2024-11-21T09:11:48+00:00","breadcrumb":{"@id":"https:\/\/karakocisisistemleri.com\/index.php\/ornek-sayfa\/#breadcrumb"},"inLanguage":"tr","potentialAction":[{"@type":"ReadAction","target":["https:\/\/karakocisisistemleri.com\/index.php\/ornek-sayfa\/"]}]},{"@type":"ImageObject","inLanguage":"tr","@id":"https:\/\/karakocisisistemleri.com\/index.php\/ornek-sayfa\/#primaryimage","url":"https:\/\/karakocisisistemleri.com\/wp-content\/uploads\/2024\/06\/IMG_9936-1.jpeg","contentUrl":"https:\/\/karakocisisistemleri.com\/wp-content\/uploads\/2024\/06\/IMG_9936-1.jpeg","width":520,"height":509},{"@type":"BreadcrumbList","@id":"https:\/\/karakocisisistemleri.com\/index.php\/ornek-sayfa\/#breadcrumb","itemListElement":[{"@type":"ListItem","position":1,"name":"Anasayfa","item":"https:\/\/karakocisisistemleri.com\/"},{"@type":"ListItem","position":2,"name":"hakk\u0131m\u0131zda"}]},{"@type":"WebSite","@id":"https:\/\/karakocisisistemleri.com\/#website","url":"https:\/\/karakocisisistemleri.com\/","name":"Karako\u00e7 Tesisat Samsun","description":"","publisher":{"@id":"https:\/\/karakocisisistemleri.com\/#organization"},"potentialAction":[{"@type":"SearchAction","target":{"@type":"EntryPoint","urlTemplate":"https:\/\/karakocisisistemleri.com\/?s={search_term_string}"},"query-input":{"@type":"PropertyValueSpecification","valueRequired":true,"valueName":"search_term_string"}}],"inLanguage":"tr"},{"@type":"Organization","@id":"https:\/\/karakocisisistemleri.com\/#organization","name":"Karako\u00e7 Tesisat Samsun","url":"https:\/\/karakocisisistemleri.com\/","logo":{"@type":"ImageObject","inLanguage":"tr","@id":"https:\/\/karakocisisistemleri.com\/#\/schema\/logo\/image\/","url":"https:\/\/karakocisisistemleri.com\/wp-content\/uploads\/2023\/09\/dd.jpg","contentUrl":"https:\/\/karakocisisistemleri.com\/wp-content\/uploads\/2023\/09\/dd.jpg","width":275,"height":183,"caption":"Karako\u00e7 Tesisat Samsun"},"image":{"@id":"https:\/\/karakocisisistemleri.com\/#\/schema\/logo\/image\/"},"sameAs":["https:\/\/m.facebook.com\/people\/Karako-Is-Yap-Dekorasyon\/100002465574292\/","https:\/\/x.com\/karakoctesisat"]}]}},"_links":{"self":[{"href":"https:\/\/karakocisisistemleri.com\/index.php\/wp-json\/wp\/v2\/pages\/2","targetHints":{"allow":["GET"]}}],"collection":[{"href":"https:\/\/karakocisisistemleri.com\/index.php\/wp-json\/wp\/v2\/pages"}],"about":[{"href":"https:\/\/karakocisisistemleri.com\/index.php\/wp-json\/wp\/v2\/types\/page"}],"author":[{"embeddable":true,"href":"https:\/\/karakocisisistemleri.com\/index.php\/wp-json\/wp\/v2\/users\/1"}],"replies":[{"embeddable":true,"href":"https:\/\/karakocisisistemleri.com\/index.php\/wp-json\/wp\/v2\/comments?post=2"}],"version-history":[{"count":17,"href":"https:\/\/karakocisisistemleri.com\/index.php\/wp-json\/wp\/v2\/pages\/2\/revisions"}],"predecessor-version":[{"id":910,"href":"https:\/\/karakocisisistemleri.com\/index.php\/wp-json\/wp\/v2\/pages\/2\/revisions\/910"}],"wp:attachment":[{"href":"https:\/\/karakocisisistemleri.com\/index.php\/wp-json\/wp\/v2\/media?parent=2"}],"curies":[{"name":"wp","href":"https:\/\/api.w.org\/{rel}","templated":true}]}}