{"id":55,"date":"2023-09-06T20:28:22","date_gmt":"2023-09-06T17:28:22","guid":{"rendered":"http:\/\/karakocisisistemleri.com\/?page_id=55"},"modified":"2023-09-19T13:08:22","modified_gmt":"2023-09-19T10:08:22","slug":"samsun-kalorifer-tesisatcisi","status":"publish","type":"page","link":"https:\/\/karakocisisistemleri.com\/index.php\/samsun-kalorifer-tesisatcisi\/","title":{"rendered":"Samsun kalorifer tesisat\u00e7\u0131s\u0131"},"content":{"rendered":"\n<figure class=\"wp-block-image size-full is-resized\"><img loading=\"lazy\" decoding=\"async\" src=\"https:\/\/karakocisisistemleri.com\/wp-content\/uploads\/2023\/09\/petek-2.jpg\" alt=\"\" class=\"wp-image-217\" style=\"width:371px;height:243px\" width=\"371\" height=\"243\"\/><\/figure>\n\n\n\n<h2 class=\"wp-block-heading\">KALOR\u0130FER TES\u0130SATI PETEK KOMB\u0130 KURULUM  MONTAJ SAMSUN <\/h2>\n\n\n\n<p>Bireysel ve merkezi \u0131s\u0131tma sistemleri i\u00e7erisinde de\u011ferlendirilen kalorifer ya da radyat\u00f6r cihazlar\u0131 daire i\u00e7erisinde \u0131s\u0131 yay\u0131l\u0131m\u0131n\u0131 sa\u011flamas\u0131ndan \u00f6t\u00fcr\u00fc olduk\u00e7a \u00f6nemli bir yap\u0131ya sahiptir. Kalorifer tesisat\u0131, bireysel ya da merkezi \u0131s\u0131tma sistemi kullan\u0131lacak bir daire i\u00e7in yap\u0131lmas\u0131 gereken bir uygulamay\u0131 ifade etmektedir.<\/p>\n\n\n\n<p>Is\u0131tma sistemleri i\u00e7erisinde yer alan radyat\u00f6r kullan\u0131m a\u00e7\u0131s\u0131ndan kullan\u0131c\u0131lar\u0131na bir\u00e7ok avantaj sa\u011flamaktad\u0131r. Fakat radyat\u00f6r ya da kalorifer pete\u011finin iyi bir d\u00fczen i\u00e7erisinde \u00e7al\u0131\u015fmas\u0131 i\u00e7in belirli durumlar\u0131n kalorifer tesisat\u0131 i\u00e7erisinde yap\u0131land\u0131r\u0131lmas\u0131 olduk\u00e7a \u00f6nemlidir.<\/p>\n\n\n\n<h3 class=\"wp-block-heading\">Kalorifer Tesisat\u0131nda Dikkat Edilmesi Gerekenler<\/h3>\n\n\n\n<p>Kalorifer tesisat\u0131 s\u0131ras\u0131nda, kalorifer peteklerindeki borular\u0131n y\u00f6nlerinin do\u011fru ve k\u0131sa bir d\u00f6ng\u00fc i\u00e7erisinde olmas\u0131 gerekmektedir. Bu sayede daha az enerji kullan\u0131m\u0131 sa\u011flanarak ekonomik bir kar elde edilmektedir. Ayn\u0131 zamanda kalorifer tesisat\u0131 i\u00e7erisinde yer alan boru hatlar\u0131n\u0131n sistemli ve d\u00fczenli bir \u015fekilde montajlanmas\u0131 da ileride ortaya \u00e7\u0131kabilecek bir\u00e7ok sorunun \u00f6n\u00fcne ge\u00e7mektedir.<\/p>\n\n\n\n<p>Kalorifer tesisat\u0131 i\u00e7erisinde odan\u0131n b\u00fcy\u00fckl\u00fc\u011f\u00fc, \u015fekli gibi bir\u00e7ok fakt\u00f6r kalorifer tesisat\u0131n\u0131 etkilemektedir. T\u00fcm bu fakt\u00f6rlere ba\u011fl\u0131 olarak uygulanan kalorifer tesisat\u0131, do\u011fru bir sonu\u00e7 al\u0131nmas\u0131n\u0131 ama\u00e7lamaktad\u0131r<\/p>\n\n\n\n<figure class=\"wp-block-image size-full\"><img loading=\"lazy\" decoding=\"async\" width=\"275\" height=\"183\" src=\"https:\/\/karakocisisistemleri.com\/wp-content\/uploads\/2023\/09\/image-23.jpeg\" alt=\"\" class=\"wp-image-452\"\/><\/figure>\n\n\n\n<h3 class=\"wp-block-heading\">Kalorifer Tesisat\u0131nda Do\u011fru Firma<\/h3>\n\n\n\n<p>karako\u00e7 tesisat olarak kalorifer tesisat\u0131, kombi montaj\u0131, radyat\u00f6r montaj\u0131, daire i\u00e7i<a href=\"https:\/\/www.fenisi.com.tr\/fenisi-izmir\/dogalgaz-tesisati-izmir-montaj\/\">&nbsp;<\/a><a href=\"https:\/\/karakocisisistemleri.com\/index.php\/samsun-kalorifer-tesisatcisi\/\" data-type=\"page\" data-id=\"55\">do\u011falgaz tesisat\u0131, <\/a>\u0131s\u0131tma  hizmet vermektedir. Bireysel ve merkezi \u0131s\u0131tma sistemleri i\u00e7erisinde yer alan kalorifer tesisat d\u00f6\u015femesi ile ilgili detayl\u0131 bilgi ve kalorifer tesisat fiyatlar\u0131n\u0131 \u00f6\u011frenmek i\u00e7in bizimle ileti\u015fime ge\u00e7ebilirsiniz.<\/p>\n\n\n\n<h3 class=\"wp-block-heading\">Biraz Daha Detaya \u0130necek Olursak<\/h3>\n\n\n\n<p>Daire, villa veya tek tip \u0131s\u0131nma t\u00fcr\u00fcne sahip meskenlerde, \u0131s\u0131nma sistemlerinde genellikle kombili kalorifer tesisat\u0131, kombi tesisat\u0131 sistemi kurulmaktad\u0131r. Kombili kalorifer tesisat\u0131nda bir\u00e7ok model ve markada petek \u00fcretiliyor, petek modeline g\u00f6re farkl\u0131 ba\u011flant\u0131 tipleri uygulanmakta; ancak en fazla, standart panel radyat\u00f6r kullan\u0131larak kalorifer tesisat\u0131nda ba\u011flant\u0131 sa\u011flanmaktad\u0131r. Kombi tesisat\u0131nda standart panel radyat\u00f6rlerde ikisi \u00fcstte ikisi altta olmak \u00fczere d\u00f6rt tesisat a\u011fz\u0131 vard\u0131r ve \u00fcstteki a\u011f\u0131zlar\u0131n birine s\u0131cak su giri\u015fi, di\u011ferine purj\u00f6r koyulur. Kombili kalorifer tesisat\u0131n\u0131n alttaki a\u011f\u0131zlar\u0131ndan birine so\u011fuk su giri\u015fi, di\u011ferine k\u00f6r tapa tak\u0131larak i\u015flem devam ettirilir. Kalorifer tesisat\u0131n\u0131n da \u00e7e\u015fitleri bulunmaktad\u0131r. Kombili kalorifer tesisat\u0131nda, s\u0131va \u00fcst\u00fc tesisat in\u015faat halindeyken kalorifer tesisat\u0131 d\u00f6\u015fenmeyen yerlerde uygulanmaktad\u0131r ve kombi tesisat\u0131ndaki bu s\u0131va alt\u0131 ve mobil tesisata g\u00f6re verimi d\u00fc\u015f\u00fckt\u00fcr, kombiyi zorlamaktad\u0131r. Is\u0131 tasarruflu bir sistem de\u011fildir. Bunun sebebi ise; kombili kalorifer tesisat\u0131nda peteklere en k\u0131sa mesafeden gitmek, tesisat\u0131 iki veya daha fazla ana hata b\u00f6lmenin pek m\u00fcmk\u00fcn olmamas\u0131d\u0131r. Dayal\u0131 d\u00f6\u015feli ev, i\u015f yeri, hastane gibi ya\u015fam alanlar\u0131nda zaruri olarak tercih edilmekte olan kombi tesisat\u0131n\u0131n \u00e7e\u015fidi olan s\u0131va \u00fcst\u00fc tesisatlarda genelde kombiye en uzak petek az \u0131s\u0131n\u0131r, en yak\u0131n petek \u00e7ok \u0131s\u0131narak bir sorun haline gelir. Ancak kalorifer tesisatlar\u0131ndaki bu sorun, reglaj ayar\u0131 yap\u0131larak nispeten \u00e7\u00f6z\u00fclebilir ve termostatik vana kullan\u0131larak da daha verimli ve tasarruflu bir \u0131s\u0131 verimi al\u0131n\u0131r. Karako\u00e7 \u0131s\u0131 sistemleri samsun Do\u011falgaz olarak ihtiyac\u0131n\u0131z ve isteklerinize g\u00f6re kombili kalorifer tesisat\u0131n\u0131 en k\u0131sa s\u00fcrede sizler i\u00e7in kurmaktay\u0131z daha detayl\u0131 bilgi i\u00e7in ileti\u015fim numaralar\u0131m\u0131zdan bizlere ula\u015fabilirsiniz..<\/p>\n\n\n\n<p><strong>TEL: <\/strong>03622336394<strong><em> <\/em><\/strong><\/p>\n\n\n\n<p><strong>Cep:<\/strong> 05327058357<\/p>\n\n\n\n<figure class=\"wp-block-image size-full\"><img loading=\"lazy\" decoding=\"async\" width=\"355\" height=\"142\" src=\"https:\/\/karakocisisistemleri.com\/wp-content\/uploads\/2023\/09\/image-24.jpeg\" alt=\"\" class=\"wp-image-457\" srcset=\"https:\/\/karakocisisistemleri.com\/wp-content\/uploads\/2023\/09\/image-24.jpeg 355w, https:\/\/karakocisisistemleri.com\/wp-content\/uploads\/2023\/09\/image-24-350x140.jpeg 350w, https:\/\/karakocisisistemleri.com\/wp-content\/uploads\/2023\/09\/image-24-300x120.jpeg 300w\" sizes=\"auto, (max-width: 355px) 100vw, 355px\" \/><\/figure>\n","protected":false},"excerpt":{"rendered":"<p>KALOR\u0130FER TES\u0130SATI PETEK KOMB\u0130 KURULUM MONTAJ SAMSUN Bireysel ve merkezi \u0131s\u0131tma sistemleri i\u00e7erisinde de\u011ferlendirilen kalorifer ya da radyat\u00f6r cihazlar\u0131 daire i\u00e7erisinde \u0131s\u0131 yay\u0131l\u0131m\u0131n\u0131 sa\u011flamas\u0131ndan \u00f6t\u00fcr\u00fc olduk\u00e7a \u00f6nemli bir yap\u0131ya sahiptir. Kalorifer tesisat\u0131, bireysel ya da merkezi \u0131s\u0131tma sistemi kullan\u0131lacak bir daire i\u00e7in yap\u0131lmas\u0131 gereken bir uygulamay\u0131 ifade etmektedir. Is\u0131tma sistemleri i\u00e7erisinde yer alan radyat\u00f6r kullan\u0131m [&hellip;]<\/p>\n","protected":false},"author":1,"featured_media":0,"parent":0,"menu_order":0,"comment_status":"closed","ping_status":"closed","template":"","meta":{"om_disable_all_campaigns":false,"_monsterinsights_skip_tracking":false,"_monsterinsights_sitenote_active":false,"_monsterinsights_sitenote_note":"","_monsterinsights_sitenote_category":0,"_uf_show_specific_survey":0,"_uf_disable_surveys":false,"_themeisle_gutenberg_block_has_review":false,"footnotes":""},"class_list":["post-55","page","type-page","status-publish","hentry"],"yoast_head":"<!-- This site is optimized with the Yoast SEO plugin v27.5 - https:\/\/yoast.com\/product\/yoast-seo-wordpress\/ -->\n<title>Samsun kalorifer tesisat\u00e7\u0131s\u0131 - Karako\u00e7 Tesisat Samsun<\/title>\n<meta name=\"robots\" content=\"index, follow, max-snippet:-1, max-image-preview:large, max-video-preview:-1\" \/>\n<link rel=\"canonical\" href=\"https:\/\/karakocisisistemleri.com\/index.php\/samsun-kalorifer-tesisatcisi\/\" \/>\n<meta property=\"og:locale\" content=\"tr_TR\" \/>\n<meta property=\"og:type\" content=\"article\" \/>\n<meta property=\"og:title\" content=\"Samsun kalorifer tesisat\u00e7\u0131s\u0131 - Karako\u00e7 Tesisat Samsun\" \/>\n<meta property=\"og:description\" content=\"KALOR\u0130FER TES\u0130SATI PETEK KOMB\u0130 KURULUM MONTAJ SAMSUN Bireysel ve merkezi \u0131s\u0131tma sistemleri i\u00e7erisinde de\u011ferlendirilen kalorifer ya da radyat\u00f6r cihazlar\u0131 daire i\u00e7erisinde \u0131s\u0131 yay\u0131l\u0131m\u0131n\u0131 sa\u011flamas\u0131ndan \u00f6t\u00fcr\u00fc olduk\u00e7a \u00f6nemli bir yap\u0131ya sahiptir. Kalorifer tesisat\u0131, bireysel ya da merkezi \u0131s\u0131tma sistemi kullan\u0131lacak bir daire i\u00e7in yap\u0131lmas\u0131 gereken bir uygulamay\u0131 ifade etmektedir. Is\u0131tma sistemleri i\u00e7erisinde yer alan radyat\u00f6r kullan\u0131m [&hellip;]\" \/>\n<meta property=\"og:url\" content=\"https:\/\/karakocisisistemleri.com\/index.php\/samsun-kalorifer-tesisatcisi\/\" \/>\n<meta property=\"og:site_name\" content=\"Karako\u00e7 Tesisat Samsun\" \/>\n<meta property=\"article:publisher\" content=\"https:\/\/m.facebook.com\/people\/Karako-Is-Yap-Dekorasyon\/100002465574292\/\" \/>\n<meta property=\"article:modified_time\" content=\"2023-09-19T10:08:22+00:00\" \/>\n<meta property=\"og:image\" content=\"https:\/\/karakocisisistemleri.com\/wp-content\/uploads\/2023\/09\/petek-2.jpg\" \/>\n<meta name=\"twitter:card\" content=\"summary_large_image\" \/>\n<meta name=\"twitter:site\" content=\"@karakoctesisat\" \/>\n<meta name=\"twitter:label1\" content=\"Tahmini okuma s\u00fcresi\" \/>\n\t<meta name=\"twitter:data1\" content=\"4 dakika\" \/>\n<script type=\"application\/ld+json\" class=\"yoast-schema-graph\">{\"@context\":\"https:\\\/\\\/schema.org\",\"@graph\":[{\"@type\":\"WebPage\",\"@id\":\"https:\\\/\\\/karakocisisistemleri.com\\\/index.php\\\/samsun-kalorifer-tesisatcisi\\\/\",\"url\":\"https:\\\/\\\/karakocisisistemleri.com\\\/index.php\\\/samsun-kalorifer-tesisatcisi\\\/\",\"name\":\"Samsun kalorifer tesisat\u00e7\u0131s\u0131 - Karako\u00e7 Tesisat Samsun\",\"isPartOf\":{\"@id\":\"https:\\\/\\\/karakocisisistemleri.com\\\/#website\"},\"primaryImageOfPage\":{\"@id\":\"https:\\\/\\\/karakocisisistemleri.com\\\/index.php\\\/samsun-kalorifer-tesisatcisi\\\/#primaryimage\"},\"image\":{\"@id\":\"https:\\\/\\\/karakocisisistemleri.com\\\/index.php\\\/samsun-kalorifer-tesisatcisi\\\/#primaryimage\"},\"thumbnailUrl\":\"https:\\\/\\\/karakocisisistemleri.com\\\/wp-content\\\/uploads\\\/2023\\\/09\\\/petek-2.jpg\",\"datePublished\":\"2023-09-06T17:28:22+00:00\",\"dateModified\":\"2023-09-19T10:08:22+00:00\",\"breadcrumb\":{\"@id\":\"https:\\\/\\\/karakocisisistemleri.com\\\/index.php\\\/samsun-kalorifer-tesisatcisi\\\/#breadcrumb\"},\"inLanguage\":\"tr\",\"potentialAction\":[{\"@type\":\"ReadAction\",\"target\":[\"https:\\\/\\\/karakocisisistemleri.com\\\/index.php\\\/samsun-kalorifer-tesisatcisi\\\/\"]}]},{\"@type\":\"ImageObject\",\"inLanguage\":\"tr\",\"@id\":\"https:\\\/\\\/karakocisisistemleri.com\\\/index.php\\\/samsun-kalorifer-tesisatcisi\\\/#primaryimage\",\"url\":\"https:\\\/\\\/karakocisisistemleri.com\\\/wp-content\\\/uploads\\\/2023\\\/09\\\/petek-2.jpg\",\"contentUrl\":\"https:\\\/\\\/karakocisisistemleri.com\\\/wp-content\\\/uploads\\\/2023\\\/09\\\/petek-2.jpg\"},{\"@type\":\"BreadcrumbList\",\"@id\":\"https:\\\/\\\/karakocisisistemleri.com\\\/index.php\\\/samsun-kalorifer-tesisatcisi\\\/#breadcrumb\",\"itemListElement\":[{\"@type\":\"ListItem\",\"position\":1,\"name\":\"Anasayfa\",\"item\":\"https:\\\/\\\/karakocisisistemleri.com\\\/\"},{\"@type\":\"ListItem\",\"position\":2,\"name\":\"Samsun kalorifer tesisat\u00e7\u0131s\u0131\"}]},{\"@type\":\"WebSite\",\"@id\":\"https:\\\/\\\/karakocisisistemleri.com\\\/#website\",\"url\":\"https:\\\/\\\/karakocisisistemleri.com\\\/\",\"name\":\"Karako\u00e7 Tesisat Samsun\",\"description\":\"\",\"publisher\":{\"@id\":\"https:\\\/\\\/karakocisisistemleri.com\\\/#organization\"},\"potentialAction\":[{\"@type\":\"SearchAction\",\"target\":{\"@type\":\"EntryPoint\",\"urlTemplate\":\"https:\\\/\\\/karakocisisistemleri.com\\\/?s={search_term_string}\"},\"query-input\":{\"@type\":\"PropertyValueSpecification\",\"valueRequired\":true,\"valueName\":\"search_term_string\"}}],\"inLanguage\":\"tr\"},{\"@type\":\"Organization\",\"@id\":\"https:\\\/\\\/karakocisisistemleri.com\\\/#organization\",\"name\":\"Karako\u00e7 Tesisat Samsun\",\"url\":\"https:\\\/\\\/karakocisisistemleri.com\\\/\",\"logo\":{\"@type\":\"ImageObject\",\"inLanguage\":\"tr\",\"@id\":\"https:\\\/\\\/karakocisisistemleri.com\\\/#\\\/schema\\\/logo\\\/image\\\/\",\"url\":\"https:\\\/\\\/karakocisisistemleri.com\\\/wp-content\\\/uploads\\\/2023\\\/09\\\/dd.jpg\",\"contentUrl\":\"https:\\\/\\\/karakocisisistemleri.com\\\/wp-content\\\/uploads\\\/2023\\\/09\\\/dd.jpg\",\"width\":275,\"height\":183,\"caption\":\"Karako\u00e7 Tesisat Samsun\"},\"image\":{\"@id\":\"https:\\\/\\\/karakocisisistemleri.com\\\/#\\\/schema\\\/logo\\\/image\\\/\"},\"sameAs\":[\"https:\\\/\\\/m.facebook.com\\\/people\\\/Karako-Is-Yap-Dekorasyon\\\/100002465574292\\\/\",\"https:\\\/\\\/x.com\\\/karakoctesisat\"]}]}<\/script>\n<!-- \/ Yoast SEO plugin. -->","yoast_head_json":{"title":"Samsun kalorifer tesisat\u00e7\u0131s\u0131 - Karako\u00e7 Tesisat Samsun","robots":{"index":"index","follow":"follow","max-snippet":"max-snippet:-1","max-image-preview":"max-image-preview:large","max-video-preview":"max-video-preview:-1"},"canonical":"https:\/\/karakocisisistemleri.com\/index.php\/samsun-kalorifer-tesisatcisi\/","og_locale":"tr_TR","og_type":"article","og_title":"Samsun kalorifer tesisat\u00e7\u0131s\u0131 - Karako\u00e7 Tesisat Samsun","og_description":"KALOR\u0130FER TES\u0130SATI PETEK KOMB\u0130 KURULUM MONTAJ SAMSUN Bireysel ve merkezi \u0131s\u0131tma sistemleri i\u00e7erisinde de\u011ferlendirilen kalorifer ya da radyat\u00f6r cihazlar\u0131 daire i\u00e7erisinde \u0131s\u0131 yay\u0131l\u0131m\u0131n\u0131 sa\u011flamas\u0131ndan \u00f6t\u00fcr\u00fc olduk\u00e7a \u00f6nemli bir yap\u0131ya sahiptir. Kalorifer tesisat\u0131, bireysel ya da merkezi \u0131s\u0131tma sistemi kullan\u0131lacak bir daire i\u00e7in yap\u0131lmas\u0131 gereken bir uygulamay\u0131 ifade etmektedir. Is\u0131tma sistemleri i\u00e7erisinde yer alan radyat\u00f6r kullan\u0131m [&hellip;]","og_url":"https:\/\/karakocisisistemleri.com\/index.php\/samsun-kalorifer-tesisatcisi\/","og_site_name":"Karako\u00e7 Tesisat Samsun","article_publisher":"https:\/\/m.facebook.com\/people\/Karako-Is-Yap-Dekorasyon\/100002465574292\/","article_modified_time":"2023-09-19T10:08:22+00:00","og_image":[{"url":"https:\/\/karakocisisistemleri.com\/wp-content\/uploads\/2023\/09\/petek-2.jpg","type":"","width":"","height":""}],"twitter_card":"summary_large_image","twitter_site":"@karakoctesisat","twitter_misc":{"Tahmini okuma s\u00fcresi":"4 dakika"},"schema":{"@context":"https:\/\/schema.org","@graph":[{"@type":"WebPage","@id":"https:\/\/karakocisisistemleri.com\/index.php\/samsun-kalorifer-tesisatcisi\/","url":"https:\/\/karakocisisistemleri.com\/index.php\/samsun-kalorifer-tesisatcisi\/","name":"Samsun kalorifer tesisat\u00e7\u0131s\u0131 - Karako\u00e7 Tesisat Samsun","isPartOf":{"@id":"https:\/\/karakocisisistemleri.com\/#website"},"primaryImageOfPage":{"@id":"https:\/\/karakocisisistemleri.com\/index.php\/samsun-kalorifer-tesisatcisi\/#primaryimage"},"image":{"@id":"https:\/\/karakocisisistemleri.com\/index.php\/samsun-kalorifer-tesisatcisi\/#primaryimage"},"thumbnailUrl":"https:\/\/karakocisisistemleri.com\/wp-content\/uploads\/2023\/09\/petek-2.jpg","datePublished":"2023-09-06T17:28:22+00:00","dateModified":"2023-09-19T10:08:22+00:00","breadcrumb":{"@id":"https:\/\/karakocisisistemleri.com\/index.php\/samsun-kalorifer-tesisatcisi\/#breadcrumb"},"inLanguage":"tr","potentialAction":[{"@type":"ReadAction","target":["https:\/\/karakocisisistemleri.com\/index.php\/samsun-kalorifer-tesisatcisi\/"]}]},{"@type":"ImageObject","inLanguage":"tr","@id":"https:\/\/karakocisisistemleri.com\/index.php\/samsun-kalorifer-tesisatcisi\/#primaryimage","url":"https:\/\/karakocisisistemleri.com\/wp-content\/uploads\/2023\/09\/petek-2.jpg","contentUrl":"https:\/\/karakocisisistemleri.com\/wp-content\/uploads\/2023\/09\/petek-2.jpg"},{"@type":"BreadcrumbList","@id":"https:\/\/karakocisisistemleri.com\/index.php\/samsun-kalorifer-tesisatcisi\/#breadcrumb","itemListElement":[{"@type":"ListItem","position":1,"name":"Anasayfa","item":"https:\/\/karakocisisistemleri.com\/"},{"@type":"ListItem","position":2,"name":"Samsun kalorifer tesisat\u00e7\u0131s\u0131"}]},{"@type":"WebSite","@id":"https:\/\/karakocisisistemleri.com\/#website","url":"https:\/\/karakocisisistemleri.com\/","name":"Karako\u00e7 Tesisat Samsun","description":"","publisher":{"@id":"https:\/\/karakocisisistemleri.com\/#organization"},"potentialAction":[{"@type":"SearchAction","target":{"@type":"EntryPoint","urlTemplate":"https:\/\/karakocisisistemleri.com\/?s={search_term_string}"},"query-input":{"@type":"PropertyValueSpecification","valueRequired":true,"valueName":"search_term_string"}}],"inLanguage":"tr"},{"@type":"Organization","@id":"https:\/\/karakocisisistemleri.com\/#organization","name":"Karako\u00e7 Tesisat Samsun","url":"https:\/\/karakocisisistemleri.com\/","logo":{"@type":"ImageObject","inLanguage":"tr","@id":"https:\/\/karakocisisistemleri.com\/#\/schema\/logo\/image\/","url":"https:\/\/karakocisisistemleri.com\/wp-content\/uploads\/2023\/09\/dd.jpg","contentUrl":"https:\/\/karakocisisistemleri.com\/wp-content\/uploads\/2023\/09\/dd.jpg","width":275,"height":183,"caption":"Karako\u00e7 Tesisat Samsun"},"image":{"@id":"https:\/\/karakocisisistemleri.com\/#\/schema\/logo\/image\/"},"sameAs":["https:\/\/m.facebook.com\/people\/Karako-Is-Yap-Dekorasyon\/100002465574292\/","https:\/\/x.com\/karakoctesisat"]}]}},"_links":{"self":[{"href":"https:\/\/karakocisisistemleri.com\/index.php\/wp-json\/wp\/v2\/pages\/55","targetHints":{"allow":["GET"]}}],"collection":[{"href":"https:\/\/karakocisisistemleri.com\/index.php\/wp-json\/wp\/v2\/pages"}],"about":[{"href":"https:\/\/karakocisisistemleri.com\/index.php\/wp-json\/wp\/v2\/types\/page"}],"author":[{"embeddable":true,"href":"https:\/\/karakocisisistemleri.com\/index.php\/wp-json\/wp\/v2\/users\/1"}],"replies":[{"embeddable":true,"href":"https:\/\/karakocisisistemleri.com\/index.php\/wp-json\/wp\/v2\/comments?post=55"}],"version-history":[{"count":14,"href":"https:\/\/karakocisisistemleri.com\/index.php\/wp-json\/wp\/v2\/pages\/55\/revisions"}],"predecessor-version":[{"id":518,"href":"https:\/\/karakocisisistemleri.com\/index.php\/wp-json\/wp\/v2\/pages\/55\/revisions\/518"}],"wp:attachment":[{"href":"https:\/\/karakocisisistemleri.com\/index.php\/wp-json\/wp\/v2\/media?parent=55"}],"curies":[{"name":"wp","href":"https:\/\/api.w.org\/{rel}","templated":true}]}}