{"id":845,"date":"2024-08-07T16:28:19","date_gmt":"2024-08-07T13:28:19","guid":{"rendered":"https:\/\/karakocisisistemleri.com\/?page_id=845"},"modified":"2024-08-07T16:28:19","modified_gmt":"2024-08-07T13:28:19","slug":"samsun-tikaniklik-giderme","status":"publish","type":"page","link":"https:\/\/karakocisisistemleri.com\/index.php\/samsun-tikaniklik-giderme\/","title":{"rendered":"Samsun T\u0131kan\u0131kl\u0131k Giderme"},"content":{"rendered":"\n<figure class=\"wp-block-image size-large\"><img loading=\"lazy\" decoding=\"async\" width=\"1024\" height=\"951\" src=\"https:\/\/karakocisisistemleri.com\/wp-content\/uploads\/2024\/08\/IMG_0007-2-1024x951.jpeg\" alt=\"\" class=\"wp-image-846\" srcset=\"https:\/\/karakocisisistemleri.com\/wp-content\/uploads\/2024\/08\/IMG_0007-2-1024x951.jpeg 1024w, https:\/\/karakocisisistemleri.com\/wp-content\/uploads\/2024\/08\/IMG_0007-2-300x279.jpeg 300w, https:\/\/karakocisisistemleri.com\/wp-content\/uploads\/2024\/08\/IMG_0007-2-768x714.jpeg 768w, https:\/\/karakocisisistemleri.com\/wp-content\/uploads\/2024\/08\/IMG_0007-2.jpeg 1170w\" sizes=\"auto, (max-width: 1024px) 100vw, 1024px\" \/><\/figure>\n\n\n\n<h4 class=\"wp-block-heading\">Samsun Lavabo Mutvak Klozet Tuvalet T\u0131kan\u0131kl\u0131k Giderme<\/h4>\n\n\n\n<p>T\u0131kan\u0131kl\u0131k a\u00e7ma \u00e7al\u0131\u015fmalar\u0131m\u0131z\u0131 termal kameral\u0131 robotlarla, at\u0131k su kanallar\u0131nda gereksiz k\u0131r\u0131p d\u00f6kmeden, h\u0131zl\u0131 ve temiz \u015fekilde yap\u0131yoruz. Lavabo, k\u00fcvet, du\u015fakabin klozet gideri t\u0131kan\u0131klar\u0131na ilaveten pima\u015f pis su kanallar\u0131 ve logar t\u0131kan\u0131kl\u0131klar\u0131 da i\u015f konular\u0131m\u0131z aras\u0131ndad\u0131r. Mutfak ve banyo t\u0131kan\u0131kl\u0131klar\u0131nda acil \u00e7\u00f6z\u00fcm i\u00e7in g\u00fcvenle arayabilirsiniz.<\/p>\n\n\n\n<h4 class=\"wp-block-heading\">Kameral\u0131 Pima\u015f G\u00f6r\u00fcnt\u00fcleme<\/h4>\n\n\n\n<p>S\u0131z\u0131nt\u0131lar suyu israf edebilir, evinize zarar verebilir ve istenmeyen organik b\u00fcy\u00fcmeyi te\u015fvik edebilir. Ne yaz\u0131k ki, evinizdeki borular\u0131n \u00e7o\u011funu g\u00f6remedi\u011finiz i\u00e7in her zaman bir s\u0131z\u0131nt\u0131n\u0131n olu\u015ftu\u011funu bilemeyebilirsiniz.<\/p>\n\n\n\n<p>Evinizi gelecekteki s\u0131z\u0131nt\u0131lardan koruman\u0131n en iyi yollar\u0131ndan biri, s\u0131z\u0131nt\u0131lar\u0131n geli\u015fmesine neden olan yayg\u0131n durumlar\u0131 anlamak ve aramakt\u0131r.<\/p>\n\n\n\n<p>Kameral\u0131 su ka\u00e7a\u011f\u0131 tespiti i\u00e7in kullan\u0131lan cihaz \u0131s\u0131l farklar\u0131n yerlerini g\u00f6steren termal termal kamerad\u0131r. Y\u00fczeyler i\u00e7inde ilerleyen su s\u0131z\u0131nt\u0131lar\u0131n olu\u015fturdu\u011fu \u0131s\u0131 izlerinin takibiyle ka\u00e7a\u011f\u0131n kayna\u011f\u0131na g\u00f6rerek ula\u015fma y\u00f6ntemidir.<\/p>\n\n\n\n<p>Su ka\u00e7a\u011f\u0131n\u0131n \u015fekline, yerine, g\u00fcc\u00fcne ve durumuna g\u00f6re yukar\u0131daki y\u00f6ntemlerin kullan\u0131lmas\u0131na gerek kalmayabilir veya iki y\u00f6ntemden uygun olan biri kullan\u0131labilir.<\/p>\n","protected":false},"excerpt":{"rendered":"<p>Samsun Lavabo Mutvak Klozet Tuvalet T\u0131kan\u0131kl\u0131k Giderme T\u0131kan\u0131kl\u0131k a\u00e7ma \u00e7al\u0131\u015fmalar\u0131m\u0131z\u0131 termal kameral\u0131 robotlarla, at\u0131k su kanallar\u0131nda gereksiz k\u0131r\u0131p d\u00f6kmeden, h\u0131zl\u0131 ve temiz \u015fekilde yap\u0131yoruz. Lavabo, k\u00fcvet, du\u015fakabin klozet gideri t\u0131kan\u0131klar\u0131na ilaveten pima\u015f pis su kanallar\u0131 ve logar t\u0131kan\u0131kl\u0131klar\u0131 da i\u015f konular\u0131m\u0131z aras\u0131ndad\u0131r. Mutfak ve banyo t\u0131kan\u0131kl\u0131klar\u0131nda acil \u00e7\u00f6z\u00fcm i\u00e7in g\u00fcvenle arayabilirsiniz. Kameral\u0131 Pima\u015f G\u00f6r\u00fcnt\u00fcleme S\u0131z\u0131nt\u0131lar [&hellip;]<\/p>\n","protected":false},"author":1,"featured_media":0,"parent":0,"menu_order":0,"comment_status":"closed","ping_status":"closed","template":"","meta":{"om_disable_all_campaigns":false,"_monsterinsights_skip_tracking":false,"_monsterinsights_sitenote_active":false,"_monsterinsights_sitenote_note":"","_monsterinsights_sitenote_category":0,"_uf_show_specific_survey":0,"_uf_disable_surveys":false,"_themeisle_gutenberg_block_has_review":false,"footnotes":""},"class_list":["post-845","page","type-page","status-publish","hentry"],"yoast_head":"<!-- This site is optimized with the Yoast SEO plugin v27.2 - https:\/\/yoast.com\/product\/yoast-seo-wordpress\/ -->\n<title>Samsun T\u0131kan\u0131kl\u0131k Giderme - Karako\u00e7 Tesisat Samsun<\/title>\n<meta name=\"robots\" content=\"index, follow, max-snippet:-1, max-image-preview:large, max-video-preview:-1\" \/>\n<link rel=\"canonical\" href=\"https:\/\/karakocisisistemleri.com\/index.php\/samsun-tikaniklik-giderme\/\" \/>\n<meta property=\"og:locale\" content=\"tr_TR\" \/>\n<meta property=\"og:type\" content=\"article\" \/>\n<meta property=\"og:title\" content=\"Samsun T\u0131kan\u0131kl\u0131k Giderme - Karako\u00e7 Tesisat Samsun\" \/>\n<meta property=\"og:description\" content=\"Samsun Lavabo Mutvak Klozet Tuvalet T\u0131kan\u0131kl\u0131k Giderme T\u0131kan\u0131kl\u0131k a\u00e7ma \u00e7al\u0131\u015fmalar\u0131m\u0131z\u0131 termal kameral\u0131 robotlarla, at\u0131k su kanallar\u0131nda gereksiz k\u0131r\u0131p d\u00f6kmeden, h\u0131zl\u0131 ve temiz \u015fekilde yap\u0131yoruz. Lavabo, k\u00fcvet, du\u015fakabin klozet gideri t\u0131kan\u0131klar\u0131na ilaveten pima\u015f pis su kanallar\u0131 ve logar t\u0131kan\u0131kl\u0131klar\u0131 da i\u015f konular\u0131m\u0131z aras\u0131ndad\u0131r. Mutfak ve banyo t\u0131kan\u0131kl\u0131klar\u0131nda acil \u00e7\u00f6z\u00fcm i\u00e7in g\u00fcvenle arayabilirsiniz. Kameral\u0131 Pima\u015f G\u00f6r\u00fcnt\u00fcleme S\u0131z\u0131nt\u0131lar [&hellip;]\" \/>\n<meta property=\"og:url\" content=\"https:\/\/karakocisisistemleri.com\/index.php\/samsun-tikaniklik-giderme\/\" \/>\n<meta property=\"og:site_name\" content=\"Karako\u00e7 Tesisat Samsun\" \/>\n<meta property=\"article:publisher\" content=\"https:\/\/m.facebook.com\/people\/Karako-Is-Yap-Dekorasyon\/100002465574292\/\" \/>\n<meta property=\"og:image\" content=\"https:\/\/karakocisisistemleri.com\/wp-content\/uploads\/2024\/08\/IMG_0007-2-1024x951.jpeg\" \/>\n<meta name=\"twitter:card\" content=\"summary_large_image\" \/>\n<meta name=\"twitter:site\" content=\"@karakoctesisat\" \/>\n<meta name=\"twitter:label1\" content=\"Tahmini okuma s\u00fcresi\" \/>\n\t<meta name=\"twitter:data1\" content=\"2 dakika\" \/>\n<script type=\"application\/ld+json\" class=\"yoast-schema-graph\">{\"@context\":\"https:\/\/schema.org\",\"@graph\":[{\"@type\":\"WebPage\",\"@id\":\"https:\/\/karakocisisistemleri.com\/index.php\/samsun-tikaniklik-giderme\/\",\"url\":\"https:\/\/karakocisisistemleri.com\/index.php\/samsun-tikaniklik-giderme\/\",\"name\":\"Samsun T\u0131kan\u0131kl\u0131k Giderme - Karako\u00e7 Tesisat Samsun\",\"isPartOf\":{\"@id\":\"https:\/\/karakocisisistemleri.com\/#website\"},\"primaryImageOfPage\":{\"@id\":\"https:\/\/karakocisisistemleri.com\/index.php\/samsun-tikaniklik-giderme\/#primaryimage\"},\"image\":{\"@id\":\"https:\/\/karakocisisistemleri.com\/index.php\/samsun-tikaniklik-giderme\/#primaryimage\"},\"thumbnailUrl\":\"https:\/\/karakocisisistemleri.com\/wp-content\/uploads\/2024\/08\/IMG_0007-2-1024x951.jpeg\",\"datePublished\":\"2024-08-07T13:28:19+00:00\",\"breadcrumb\":{\"@id\":\"https:\/\/karakocisisistemleri.com\/index.php\/samsun-tikaniklik-giderme\/#breadcrumb\"},\"inLanguage\":\"tr\",\"potentialAction\":[{\"@type\":\"ReadAction\",\"target\":[\"https:\/\/karakocisisistemleri.com\/index.php\/samsun-tikaniklik-giderme\/\"]}]},{\"@type\":\"ImageObject\",\"inLanguage\":\"tr\",\"@id\":\"https:\/\/karakocisisistemleri.com\/index.php\/samsun-tikaniklik-giderme\/#primaryimage\",\"url\":\"https:\/\/karakocisisistemleri.com\/wp-content\/uploads\/2024\/08\/IMG_0007-2.jpeg\",\"contentUrl\":\"https:\/\/karakocisisistemleri.com\/wp-content\/uploads\/2024\/08\/IMG_0007-2.jpeg\",\"width\":1170,\"height\":1087},{\"@type\":\"BreadcrumbList\",\"@id\":\"https:\/\/karakocisisistemleri.com\/index.php\/samsun-tikaniklik-giderme\/#breadcrumb\",\"itemListElement\":[{\"@type\":\"ListItem\",\"position\":1,\"name\":\"Anasayfa\",\"item\":\"https:\/\/karakocisisistemleri.com\/\"},{\"@type\":\"ListItem\",\"position\":2,\"name\":\"Samsun T\u0131kan\u0131kl\u0131k Giderme\"}]},{\"@type\":\"WebSite\",\"@id\":\"https:\/\/karakocisisistemleri.com\/#website\",\"url\":\"https:\/\/karakocisisistemleri.com\/\",\"name\":\"Karako\u00e7 Tesisat Samsun\",\"description\":\"\",\"publisher\":{\"@id\":\"https:\/\/karakocisisistemleri.com\/#organization\"},\"potentialAction\":[{\"@type\":\"SearchAction\",\"target\":{\"@type\":\"EntryPoint\",\"urlTemplate\":\"https:\/\/karakocisisistemleri.com\/?s={search_term_string}\"},\"query-input\":{\"@type\":\"PropertyValueSpecification\",\"valueRequired\":true,\"valueName\":\"search_term_string\"}}],\"inLanguage\":\"tr\"},{\"@type\":\"Organization\",\"@id\":\"https:\/\/karakocisisistemleri.com\/#organization\",\"name\":\"Karako\u00e7 Tesisat Samsun\",\"url\":\"https:\/\/karakocisisistemleri.com\/\",\"logo\":{\"@type\":\"ImageObject\",\"inLanguage\":\"tr\",\"@id\":\"https:\/\/karakocisisistemleri.com\/#\/schema\/logo\/image\/\",\"url\":\"https:\/\/karakocisisistemleri.com\/wp-content\/uploads\/2023\/09\/dd.jpg\",\"contentUrl\":\"https:\/\/karakocisisistemleri.com\/wp-content\/uploads\/2023\/09\/dd.jpg\",\"width\":275,\"height\":183,\"caption\":\"Karako\u00e7 Tesisat Samsun\"},\"image\":{\"@id\":\"https:\/\/karakocisisistemleri.com\/#\/schema\/logo\/image\/\"},\"sameAs\":[\"https:\/\/m.facebook.com\/people\/Karako-Is-Yap-Dekorasyon\/100002465574292\/\",\"https:\/\/x.com\/karakoctesisat\"]}]}<\/script>\n<!-- \/ Yoast SEO plugin. -->","yoast_head_json":{"title":"Samsun T\u0131kan\u0131kl\u0131k Giderme - Karako\u00e7 Tesisat Samsun","robots":{"index":"index","follow":"follow","max-snippet":"max-snippet:-1","max-image-preview":"max-image-preview:large","max-video-preview":"max-video-preview:-1"},"canonical":"https:\/\/karakocisisistemleri.com\/index.php\/samsun-tikaniklik-giderme\/","og_locale":"tr_TR","og_type":"article","og_title":"Samsun T\u0131kan\u0131kl\u0131k Giderme - Karako\u00e7 Tesisat Samsun","og_description":"Samsun Lavabo Mutvak Klozet Tuvalet T\u0131kan\u0131kl\u0131k Giderme T\u0131kan\u0131kl\u0131k a\u00e7ma \u00e7al\u0131\u015fmalar\u0131m\u0131z\u0131 termal kameral\u0131 robotlarla, at\u0131k su kanallar\u0131nda gereksiz k\u0131r\u0131p d\u00f6kmeden, h\u0131zl\u0131 ve temiz \u015fekilde yap\u0131yoruz. Lavabo, k\u00fcvet, du\u015fakabin klozet gideri t\u0131kan\u0131klar\u0131na ilaveten pima\u015f pis su kanallar\u0131 ve logar t\u0131kan\u0131kl\u0131klar\u0131 da i\u015f konular\u0131m\u0131z aras\u0131ndad\u0131r. Mutfak ve banyo t\u0131kan\u0131kl\u0131klar\u0131nda acil \u00e7\u00f6z\u00fcm i\u00e7in g\u00fcvenle arayabilirsiniz. Kameral\u0131 Pima\u015f G\u00f6r\u00fcnt\u00fcleme S\u0131z\u0131nt\u0131lar [&hellip;]","og_url":"https:\/\/karakocisisistemleri.com\/index.php\/samsun-tikaniklik-giderme\/","og_site_name":"Karako\u00e7 Tesisat Samsun","article_publisher":"https:\/\/m.facebook.com\/people\/Karako-Is-Yap-Dekorasyon\/100002465574292\/","og_image":[{"url":"https:\/\/karakocisisistemleri.com\/wp-content\/uploads\/2024\/08\/IMG_0007-2-1024x951.jpeg","type":"","width":"","height":""}],"twitter_card":"summary_large_image","twitter_site":"@karakoctesisat","twitter_misc":{"Tahmini okuma s\u00fcresi":"2 dakika"},"schema":{"@context":"https:\/\/schema.org","@graph":[{"@type":"WebPage","@id":"https:\/\/karakocisisistemleri.com\/index.php\/samsun-tikaniklik-giderme\/","url":"https:\/\/karakocisisistemleri.com\/index.php\/samsun-tikaniklik-giderme\/","name":"Samsun T\u0131kan\u0131kl\u0131k Giderme - Karako\u00e7 Tesisat Samsun","isPartOf":{"@id":"https:\/\/karakocisisistemleri.com\/#website"},"primaryImageOfPage":{"@id":"https:\/\/karakocisisistemleri.com\/index.php\/samsun-tikaniklik-giderme\/#primaryimage"},"image":{"@id":"https:\/\/karakocisisistemleri.com\/index.php\/samsun-tikaniklik-giderme\/#primaryimage"},"thumbnailUrl":"https:\/\/karakocisisistemleri.com\/wp-content\/uploads\/2024\/08\/IMG_0007-2-1024x951.jpeg","datePublished":"2024-08-07T13:28:19+00:00","breadcrumb":{"@id":"https:\/\/karakocisisistemleri.com\/index.php\/samsun-tikaniklik-giderme\/#breadcrumb"},"inLanguage":"tr","potentialAction":[{"@type":"ReadAction","target":["https:\/\/karakocisisistemleri.com\/index.php\/samsun-tikaniklik-giderme\/"]}]},{"@type":"ImageObject","inLanguage":"tr","@id":"https:\/\/karakocisisistemleri.com\/index.php\/samsun-tikaniklik-giderme\/#primaryimage","url":"https:\/\/karakocisisistemleri.com\/wp-content\/uploads\/2024\/08\/IMG_0007-2.jpeg","contentUrl":"https:\/\/karakocisisistemleri.com\/wp-content\/uploads\/2024\/08\/IMG_0007-2.jpeg","width":1170,"height":1087},{"@type":"BreadcrumbList","@id":"https:\/\/karakocisisistemleri.com\/index.php\/samsun-tikaniklik-giderme\/#breadcrumb","itemListElement":[{"@type":"ListItem","position":1,"name":"Anasayfa","item":"https:\/\/karakocisisistemleri.com\/"},{"@type":"ListItem","position":2,"name":"Samsun T\u0131kan\u0131kl\u0131k Giderme"}]},{"@type":"WebSite","@id":"https:\/\/karakocisisistemleri.com\/#website","url":"https:\/\/karakocisisistemleri.com\/","name":"Karako\u00e7 Tesisat Samsun","description":"","publisher":{"@id":"https:\/\/karakocisisistemleri.com\/#organization"},"potentialAction":[{"@type":"SearchAction","target":{"@type":"EntryPoint","urlTemplate":"https:\/\/karakocisisistemleri.com\/?s={search_term_string}"},"query-input":{"@type":"PropertyValueSpecification","valueRequired":true,"valueName":"search_term_string"}}],"inLanguage":"tr"},{"@type":"Organization","@id":"https:\/\/karakocisisistemleri.com\/#organization","name":"Karako\u00e7 Tesisat Samsun","url":"https:\/\/karakocisisistemleri.com\/","logo":{"@type":"ImageObject","inLanguage":"tr","@id":"https:\/\/karakocisisistemleri.com\/#\/schema\/logo\/image\/","url":"https:\/\/karakocisisistemleri.com\/wp-content\/uploads\/2023\/09\/dd.jpg","contentUrl":"https:\/\/karakocisisistemleri.com\/wp-content\/uploads\/2023\/09\/dd.jpg","width":275,"height":183,"caption":"Karako\u00e7 Tesisat Samsun"},"image":{"@id":"https:\/\/karakocisisistemleri.com\/#\/schema\/logo\/image\/"},"sameAs":["https:\/\/m.facebook.com\/people\/Karako-Is-Yap-Dekorasyon\/100002465574292\/","https:\/\/x.com\/karakoctesisat"]}]}},"_links":{"self":[{"href":"https:\/\/karakocisisistemleri.com\/index.php\/wp-json\/wp\/v2\/pages\/845","targetHints":{"allow":["GET"]}}],"collection":[{"href":"https:\/\/karakocisisistemleri.com\/index.php\/wp-json\/wp\/v2\/pages"}],"about":[{"href":"https:\/\/karakocisisistemleri.com\/index.php\/wp-json\/wp\/v2\/types\/page"}],"author":[{"embeddable":true,"href":"https:\/\/karakocisisistemleri.com\/index.php\/wp-json\/wp\/v2\/users\/1"}],"replies":[{"embeddable":true,"href":"https:\/\/karakocisisistemleri.com\/index.php\/wp-json\/wp\/v2\/comments?post=845"}],"version-history":[{"count":1,"href":"https:\/\/karakocisisistemleri.com\/index.php\/wp-json\/wp\/v2\/pages\/845\/revisions"}],"predecessor-version":[{"id":848,"href":"https:\/\/karakocisisistemleri.com\/index.php\/wp-json\/wp\/v2\/pages\/845\/revisions\/848"}],"wp:attachment":[{"href":"https:\/\/karakocisisistemleri.com\/index.php\/wp-json\/wp\/v2\/media?parent=845"}],"curies":[{"name":"wp","href":"https:\/\/api.w.org\/{rel}","templated":true}]}}