{"id":95,"date":"2023-09-07T08:08:53","date_gmt":"2023-09-07T05:08:53","guid":{"rendered":"https:\/\/karakocisisistemleri.com\/?page_id=95"},"modified":"2023-09-19T13:10:31","modified_gmt":"2023-09-19T10:10:31","slug":"samsun-su-tesisatcisi-2","status":"publish","type":"page","link":"https:\/\/karakocisisistemleri.com\/index.php\/samsun-su-tesisatcisi-2\/","title":{"rendered":"Samsun Su Tesisat\u00e7\u0131s\u0131"},"content":{"rendered":"\n<figure class=\"wp-block-image size-full\"><img loading=\"lazy\" decoding=\"async\" width=\"750\" height=\"920\" src=\"https:\/\/karakocisisistemleri.com\/wp-content\/uploads\/2023\/09\/IMG_7951.jpeg\" alt=\"\" class=\"wp-image-520\" srcset=\"https:\/\/karakocisisistemleri.com\/wp-content\/uploads\/2023\/09\/IMG_7951.jpeg 750w, https:\/\/karakocisisistemleri.com\/wp-content\/uploads\/2023\/09\/IMG_7951-600x736.jpeg 600w, https:\/\/karakocisisistemleri.com\/wp-content\/uploads\/2023\/09\/IMG_7951-245x300.jpeg 245w\" sizes=\"auto, (max-width: 750px) 100vw, 750px\" \/><\/figure>\n\n\n\n<p>S\u0131hhi tesisat, herhangi bir su kayna\u011f\u0131ndan al\u0131nan suyun ba\u011flant\u0131l\u0131 oldu\u011fu yerlere temiz olarak ula\u015ft\u0131r\u0131l\u0131p kirli suyun d\u0131\u015far\u0131 at\u0131lmas\u0131n\u0131 sa\u011flayan boru hatt\u0131na denir. \u00a0S\u0131hhi tesisat evlerden sanayi b\u00f6lgelerine kadar \u00e7ok say\u0131da yerde kullan\u0131l\u0131r. Suyun aktif olarak kullan\u0131ld\u0131\u011f\u0131 lavabo, klozet, du\u015f, banyo k\u00fcveti gibi alanlarda s\u0131hhi tesisat elemanlar\u0131ndan yararlan\u0131l\u0131r.<a data-type=\"page\" data-id=\"55\" href=\"http:\/\/karakocisisistemleri.com\/index.php\/samsun-kalorifer-tesisatcisi\/\">\u00a0Do\u011falgaz\u00a0<\/a>ve su ta\u015f\u0131ma sistemleri ile<a data-type=\"page\" data-id=\"44\" href=\"http:\/\/karakocisisistemleri.com\/index.php\/samsun-su-tesisatcisi\/\">\u00a0yang\u0131nla m\u00fccadele <\/a>sistemleri\u00a0kurulurken b\u00f6yle bir sisteme ihtiya\u00e7 duyulmaktad\u0131r. S\u0131hhi tesisatta herhangi bir sorun meydana geldi\u011finde ortam\u0131 pis bir koku saracakt\u0131r. Bunun nedeni sistem \u00e7al\u0131\u015fmad\u0131\u011f\u0131 i\u00e7in kirli suyun at\u0131lamamas\u0131d\u0131r. S\u0131k g\u00f6r\u00fclen conta sorunlar\u0131 buna iyi bir \u00f6rnektir.<\/p>\n\n\n\n<h2 class=\"wp-block-heading\">Nerelere Dikkat Edilmelidir?<\/h2>\n\n\n\n<p>S\u0131hhi tesisat borular\u0131 d\u00f6\u015fenirken suyun al\u0131naca\u011f\u0131 kayna\u011fa dikkat etmek gerekir. Su ne kadar kaliteli olursa sistem de o kadar sorunsuz \u00e7al\u0131\u015facakt\u0131r. Bunun i\u00e7in tesisat i\u00e7erisinde kullan\u0131lacak suyun 7 ila 12 derece aras\u0131nda s\u0131cakl\u0131\u011fa sahip olmas\u0131 istenir. Rengi olmayan berrak g\u00f6r\u00fcn\u00fcmde, i\u00e7erisinde istenmeyen zararl\u0131 mikroorganizmalar bulunmayan su daha ideal kabul edilir. Bunun yan\u0131 s\u0131ra sertlik derecesi standartlara uygun olan su kullan\u0131l\u0131rsa borulara zarar vermeyecektir.<\/p>\n\n\n\n<p>Sistemin \u00e7al\u0131\u015fmas\u0131na etki edecek bir di\u011fer fakt\u00f6r de su h\u0131z\u0131d\u0131r. Y\u00fcksek h\u0131zla borulara gelen su, bas\u0131nc\u0131n dengesizle\u015fmesine neden olabilir. Bu da sisteme entegre olan tesisat elemanlar\u0131n\u0131 zarara u\u011fratabilir. Bu durumla kar\u015f\u0131la\u015fmamak i\u00e7in s\u0131hhi tesisat borular\u0131n\u0131n e\u011fimi saya\u00e7tan yukar\u0131 do\u011fru verilmelidir.<\/p>\n\n\n\n<p>S\u0131hhi tesisat borular\u0131 d\u00f6\u015fenirken dikkat edilmesi gereken bir di\u011fer konu borulara eri\u015fimin kolay olmas\u0131d\u0131r. Bu sayede zamanla sistemde bir sorun meydana geldi\u011finde onar\u0131m i\u015flemleri pratik bir \u015fekilde yap\u0131labilir. B\u00f6ylece sistemin herhangi bir par\u00e7as\u0131n\u0131n de\u011fi\u015ftirilmesi gerekti\u011finde de kolayca de\u011fi\u015fim ger\u00e7ekle\u015ftirilebilir. A\u00e7\u0131k alana d\u00f6\u015fenen borular\u0131n donmamas\u0131 i\u00e7in izole i\u015flemi yap\u0131lmal\u0131d\u0131r. Bu alanlarda kullan\u0131lan borular\u0131n duvara sabitlenmesi i\u00e7in ask\u0131 ve kelep\u00e7elere ihtiya\u00e7 vard\u0131r. Borulara en uygun boyda ve kolay bozulmayacak malzemeden \u00fcretilen \u00fcr\u00fcnler se\u00e7ilmelidir.<\/p>\n\n\n\n<figure class=\"wp-block-image\"><img decoding=\"async\" src=\"http:\/\/formec.com.tr\/wp-content\/uploads\/2021\/06\/plumbing-repair-service-300x200.jpg\" alt=\"\" class=\"wp-image-15060\"\/><\/figure>\n\n\n\n<h2 class=\"wp-block-heading\">Uzun \u00d6m\u00fcrl\u00fc S\u0131hhi Tesisat \u0130\u00e7in Neler Yap\u0131labilir?<\/h2>\n\n\n\n<p>Kurulan s\u0131hhi tesisat\u0131n uzun \u00f6m\u00fcrl\u00fc olmas\u0131 i\u00e7in kurulum a\u015famas\u0131n\u0131n \u00f6zenle y\u00fcr\u00fct\u00fclmesi gerekir. Bunun yan\u0131 s\u0131ra uluslararas\u0131 standartlara uygun par\u00e7alar kullan\u0131lmal\u0131d\u0131r. Ancak bu par\u00e7alar\u0131n olumlu etkisinin d\u00f6\u015femenin do\u011fru yap\u0131lmas\u0131yla m\u00fcmk\u00fcn oldu\u011fu bilinmelidir. Tesisat\u0131n daha uzun kullan\u0131labilmesi i\u00e7in tamirat i\u015flerinin alan\u0131nda deneyimli ki\u015filer taraf\u0131ndan yap\u0131lmas\u0131 gerekir. Bu sayede tesisat sistemi onar\u0131m i\u015flemleri s\u0131ras\u0131nda zarar g\u00f6rmeyecektir.<\/p>\n\n\n\n<p>S\u0131hhi tesisat borular\u0131 sularla birebir temas etti\u011fi i\u00e7in insan sa\u011fl\u0131\u011f\u0131 \u00fczerinde etkilidir. Sa\u011fl\u0131\u011f\u0131n\u0131z\u0131n zarar g\u00f6rmemesi i\u00e7in sistemin kaliteli malzemelerden \u00fcretildi\u011finden emin olmal\u0131s\u0131n\u0131z. &nbsp;Formec Mekanik olarak uluslararas\u0131 alanda ge\u00e7erli olan kalite belgelerine sahip \u00fcr\u00fcnlerle hizmet veriyoruz. Sistemin kurulma a\u015famas\u0131nda oldu\u011fu kadar sonras\u0131nda da yan\u0131n\u0131zda oluyoruz. Sistemde herhangi bir ar\u0131za meydana geldi\u011finde etkili \u00e7\u00f6z\u00fcmler sunarak k\u0131sa s\u00fcrede kullanmaya devam etmenizi sa\u011fl\u0131yoruz. &nbsp;S\u0131hhi tesisat hizmetimiz hakk\u0131nda detayl\u0131 bilgi almak i\u00e7in bizimle ileti\u015fime ge\u00e7ebilirsiniz.<\/p>\n","protected":false},"excerpt":{"rendered":"<p>S\u0131hhi tesisat, herhangi bir su kayna\u011f\u0131ndan al\u0131nan suyun ba\u011flant\u0131l\u0131 oldu\u011fu yerlere temiz olarak ula\u015ft\u0131r\u0131l\u0131p kirli suyun d\u0131\u015far\u0131 at\u0131lmas\u0131n\u0131 sa\u011flayan boru hatt\u0131na denir. \u00a0S\u0131hhi tesisat evlerden sanayi b\u00f6lgelerine kadar \u00e7ok say\u0131da yerde kullan\u0131l\u0131r. Suyun aktif olarak kullan\u0131ld\u0131\u011f\u0131 lavabo, klozet, du\u015f, banyo k\u00fcveti gibi alanlarda s\u0131hhi tesisat elemanlar\u0131ndan yararlan\u0131l\u0131r.\u00a0Do\u011falgaz\u00a0ve su ta\u015f\u0131ma sistemleri ile\u00a0yang\u0131nla m\u00fccadele sistemleri\u00a0kurulurken b\u00f6yle bir [&hellip;]<\/p>\n","protected":false},"author":1,"featured_media":0,"parent":0,"menu_order":0,"comment_status":"closed","ping_status":"closed","template":"","meta":{"om_disable_all_campaigns":false,"_monsterinsights_skip_tracking":false,"_monsterinsights_sitenote_active":false,"_monsterinsights_sitenote_note":"","_monsterinsights_sitenote_category":0,"_uf_show_specific_survey":0,"_uf_disable_surveys":false,"_themeisle_gutenberg_block_has_review":false,"footnotes":""},"class_list":["post-95","page","type-page","status-publish","hentry"],"yoast_head":"<!-- This site is optimized with the Yoast SEO plugin v27.5 - https:\/\/yoast.com\/product\/yoast-seo-wordpress\/ -->\n<title>Samsun Su Tesisat\u00e7\u0131s\u0131 - Karako\u00e7 Tesisat Samsun<\/title>\n<meta name=\"robots\" content=\"index, follow, max-snippet:-1, max-image-preview:large, max-video-preview:-1\" \/>\n<link rel=\"canonical\" href=\"https:\/\/karakocisisistemleri.com\/index.php\/samsun-su-tesisatcisi-2\/\" \/>\n<meta property=\"og:locale\" content=\"tr_TR\" \/>\n<meta property=\"og:type\" content=\"article\" \/>\n<meta property=\"og:title\" content=\"Samsun Su Tesisat\u00e7\u0131s\u0131 - Karako\u00e7 Tesisat Samsun\" \/>\n<meta property=\"og:description\" content=\"S\u0131hhi tesisat, herhangi bir su kayna\u011f\u0131ndan al\u0131nan suyun ba\u011flant\u0131l\u0131 oldu\u011fu yerlere temiz olarak ula\u015ft\u0131r\u0131l\u0131p kirli suyun d\u0131\u015far\u0131 at\u0131lmas\u0131n\u0131 sa\u011flayan boru hatt\u0131na denir. \u00a0S\u0131hhi tesisat evlerden sanayi b\u00f6lgelerine kadar \u00e7ok say\u0131da yerde kullan\u0131l\u0131r. Suyun aktif olarak kullan\u0131ld\u0131\u011f\u0131 lavabo, klozet, du\u015f, banyo k\u00fcveti gibi alanlarda s\u0131hhi tesisat elemanlar\u0131ndan yararlan\u0131l\u0131r.\u00a0Do\u011falgaz\u00a0ve su ta\u015f\u0131ma sistemleri ile\u00a0yang\u0131nla m\u00fccadele sistemleri\u00a0kurulurken b\u00f6yle bir [&hellip;]\" \/>\n<meta property=\"og:url\" content=\"https:\/\/karakocisisistemleri.com\/index.php\/samsun-su-tesisatcisi-2\/\" \/>\n<meta property=\"og:site_name\" content=\"Karako\u00e7 Tesisat Samsun\" \/>\n<meta property=\"article:publisher\" content=\"https:\/\/m.facebook.com\/people\/Karako-Is-Yap-Dekorasyon\/100002465574292\/\" \/>\n<meta property=\"article:modified_time\" content=\"2023-09-19T10:10:31+00:00\" \/>\n<meta property=\"og:image\" content=\"https:\/\/karakocisisistemleri.com\/wp-content\/uploads\/2023\/09\/IMG_7951.jpeg\" \/>\n<meta name=\"twitter:card\" content=\"summary_large_image\" \/>\n<meta name=\"twitter:site\" content=\"@karakoctesisat\" \/>\n<meta name=\"twitter:label1\" content=\"Tahmini okuma s\u00fcresi\" \/>\n\t<meta name=\"twitter:data1\" content=\"3 dakika\" \/>\n<script type=\"application\/ld+json\" class=\"yoast-schema-graph\">{\"@context\":\"https:\\\/\\\/schema.org\",\"@graph\":[{\"@type\":\"WebPage\",\"@id\":\"https:\\\/\\\/karakocisisistemleri.com\\\/index.php\\\/samsun-su-tesisatcisi-2\\\/\",\"url\":\"https:\\\/\\\/karakocisisistemleri.com\\\/index.php\\\/samsun-su-tesisatcisi-2\\\/\",\"name\":\"Samsun Su Tesisat\u00e7\u0131s\u0131 - Karako\u00e7 Tesisat Samsun\",\"isPartOf\":{\"@id\":\"https:\\\/\\\/karakocisisistemleri.com\\\/#website\"},\"primaryImageOfPage\":{\"@id\":\"https:\\\/\\\/karakocisisistemleri.com\\\/index.php\\\/samsun-su-tesisatcisi-2\\\/#primaryimage\"},\"image\":{\"@id\":\"https:\\\/\\\/karakocisisistemleri.com\\\/index.php\\\/samsun-su-tesisatcisi-2\\\/#primaryimage\"},\"thumbnailUrl\":\"https:\\\/\\\/karakocisisistemleri.com\\\/wp-content\\\/uploads\\\/2023\\\/09\\\/IMG_7951.jpeg\",\"datePublished\":\"2023-09-07T05:08:53+00:00\",\"dateModified\":\"2023-09-19T10:10:31+00:00\",\"breadcrumb\":{\"@id\":\"https:\\\/\\\/karakocisisistemleri.com\\\/index.php\\\/samsun-su-tesisatcisi-2\\\/#breadcrumb\"},\"inLanguage\":\"tr\",\"potentialAction\":[{\"@type\":\"ReadAction\",\"target\":[\"https:\\\/\\\/karakocisisistemleri.com\\\/index.php\\\/samsun-su-tesisatcisi-2\\\/\"]}]},{\"@type\":\"ImageObject\",\"inLanguage\":\"tr\",\"@id\":\"https:\\\/\\\/karakocisisistemleri.com\\\/index.php\\\/samsun-su-tesisatcisi-2\\\/#primaryimage\",\"url\":\"https:\\\/\\\/karakocisisistemleri.com\\\/wp-content\\\/uploads\\\/2023\\\/09\\\/IMG_7951.jpeg\",\"contentUrl\":\"https:\\\/\\\/karakocisisistemleri.com\\\/wp-content\\\/uploads\\\/2023\\\/09\\\/IMG_7951.jpeg\"},{\"@type\":\"BreadcrumbList\",\"@id\":\"https:\\\/\\\/karakocisisistemleri.com\\\/index.php\\\/samsun-su-tesisatcisi-2\\\/#breadcrumb\",\"itemListElement\":[{\"@type\":\"ListItem\",\"position\":1,\"name\":\"Anasayfa\",\"item\":\"https:\\\/\\\/karakocisisistemleri.com\\\/\"},{\"@type\":\"ListItem\",\"position\":2,\"name\":\"Samsun Su Tesisat\u00e7\u0131s\u0131\"}]},{\"@type\":\"WebSite\",\"@id\":\"https:\\\/\\\/karakocisisistemleri.com\\\/#website\",\"url\":\"https:\\\/\\\/karakocisisistemleri.com\\\/\",\"name\":\"Karako\u00e7 Tesisat Samsun\",\"description\":\"\",\"publisher\":{\"@id\":\"https:\\\/\\\/karakocisisistemleri.com\\\/#organization\"},\"potentialAction\":[{\"@type\":\"SearchAction\",\"target\":{\"@type\":\"EntryPoint\",\"urlTemplate\":\"https:\\\/\\\/karakocisisistemleri.com\\\/?s={search_term_string}\"},\"query-input\":{\"@type\":\"PropertyValueSpecification\",\"valueRequired\":true,\"valueName\":\"search_term_string\"}}],\"inLanguage\":\"tr\"},{\"@type\":\"Organization\",\"@id\":\"https:\\\/\\\/karakocisisistemleri.com\\\/#organization\",\"name\":\"Karako\u00e7 Tesisat Samsun\",\"url\":\"https:\\\/\\\/karakocisisistemleri.com\\\/\",\"logo\":{\"@type\":\"ImageObject\",\"inLanguage\":\"tr\",\"@id\":\"https:\\\/\\\/karakocisisistemleri.com\\\/#\\\/schema\\\/logo\\\/image\\\/\",\"url\":\"https:\\\/\\\/karakocisisistemleri.com\\\/wp-content\\\/uploads\\\/2023\\\/09\\\/dd.jpg\",\"contentUrl\":\"https:\\\/\\\/karakocisisistemleri.com\\\/wp-content\\\/uploads\\\/2023\\\/09\\\/dd.jpg\",\"width\":275,\"height\":183,\"caption\":\"Karako\u00e7 Tesisat Samsun\"},\"image\":{\"@id\":\"https:\\\/\\\/karakocisisistemleri.com\\\/#\\\/schema\\\/logo\\\/image\\\/\"},\"sameAs\":[\"https:\\\/\\\/m.facebook.com\\\/people\\\/Karako-Is-Yap-Dekorasyon\\\/100002465574292\\\/\",\"https:\\\/\\\/x.com\\\/karakoctesisat\"]}]}<\/script>\n<!-- \/ Yoast SEO plugin. -->","yoast_head_json":{"title":"Samsun Su Tesisat\u00e7\u0131s\u0131 - Karako\u00e7 Tesisat Samsun","robots":{"index":"index","follow":"follow","max-snippet":"max-snippet:-1","max-image-preview":"max-image-preview:large","max-video-preview":"max-video-preview:-1"},"canonical":"https:\/\/karakocisisistemleri.com\/index.php\/samsun-su-tesisatcisi-2\/","og_locale":"tr_TR","og_type":"article","og_title":"Samsun Su Tesisat\u00e7\u0131s\u0131 - Karako\u00e7 Tesisat Samsun","og_description":"S\u0131hhi tesisat, herhangi bir su kayna\u011f\u0131ndan al\u0131nan suyun ba\u011flant\u0131l\u0131 oldu\u011fu yerlere temiz olarak ula\u015ft\u0131r\u0131l\u0131p kirli suyun d\u0131\u015far\u0131 at\u0131lmas\u0131n\u0131 sa\u011flayan boru hatt\u0131na denir. \u00a0S\u0131hhi tesisat evlerden sanayi b\u00f6lgelerine kadar \u00e7ok say\u0131da yerde kullan\u0131l\u0131r. Suyun aktif olarak kullan\u0131ld\u0131\u011f\u0131 lavabo, klozet, du\u015f, banyo k\u00fcveti gibi alanlarda s\u0131hhi tesisat elemanlar\u0131ndan yararlan\u0131l\u0131r.\u00a0Do\u011falgaz\u00a0ve su ta\u015f\u0131ma sistemleri ile\u00a0yang\u0131nla m\u00fccadele sistemleri\u00a0kurulurken b\u00f6yle bir [&hellip;]","og_url":"https:\/\/karakocisisistemleri.com\/index.php\/samsun-su-tesisatcisi-2\/","og_site_name":"Karako\u00e7 Tesisat Samsun","article_publisher":"https:\/\/m.facebook.com\/people\/Karako-Is-Yap-Dekorasyon\/100002465574292\/","article_modified_time":"2023-09-19T10:10:31+00:00","og_image":[{"url":"https:\/\/karakocisisistemleri.com\/wp-content\/uploads\/2023\/09\/IMG_7951.jpeg","type":"","width":"","height":""}],"twitter_card":"summary_large_image","twitter_site":"@karakoctesisat","twitter_misc":{"Tahmini okuma s\u00fcresi":"3 dakika"},"schema":{"@context":"https:\/\/schema.org","@graph":[{"@type":"WebPage","@id":"https:\/\/karakocisisistemleri.com\/index.php\/samsun-su-tesisatcisi-2\/","url":"https:\/\/karakocisisistemleri.com\/index.php\/samsun-su-tesisatcisi-2\/","name":"Samsun Su Tesisat\u00e7\u0131s\u0131 - Karako\u00e7 Tesisat Samsun","isPartOf":{"@id":"https:\/\/karakocisisistemleri.com\/#website"},"primaryImageOfPage":{"@id":"https:\/\/karakocisisistemleri.com\/index.php\/samsun-su-tesisatcisi-2\/#primaryimage"},"image":{"@id":"https:\/\/karakocisisistemleri.com\/index.php\/samsun-su-tesisatcisi-2\/#primaryimage"},"thumbnailUrl":"https:\/\/karakocisisistemleri.com\/wp-content\/uploads\/2023\/09\/IMG_7951.jpeg","datePublished":"2023-09-07T05:08:53+00:00","dateModified":"2023-09-19T10:10:31+00:00","breadcrumb":{"@id":"https:\/\/karakocisisistemleri.com\/index.php\/samsun-su-tesisatcisi-2\/#breadcrumb"},"inLanguage":"tr","potentialAction":[{"@type":"ReadAction","target":["https:\/\/karakocisisistemleri.com\/index.php\/samsun-su-tesisatcisi-2\/"]}]},{"@type":"ImageObject","inLanguage":"tr","@id":"https:\/\/karakocisisistemleri.com\/index.php\/samsun-su-tesisatcisi-2\/#primaryimage","url":"https:\/\/karakocisisistemleri.com\/wp-content\/uploads\/2023\/09\/IMG_7951.jpeg","contentUrl":"https:\/\/karakocisisistemleri.com\/wp-content\/uploads\/2023\/09\/IMG_7951.jpeg"},{"@type":"BreadcrumbList","@id":"https:\/\/karakocisisistemleri.com\/index.php\/samsun-su-tesisatcisi-2\/#breadcrumb","itemListElement":[{"@type":"ListItem","position":1,"name":"Anasayfa","item":"https:\/\/karakocisisistemleri.com\/"},{"@type":"ListItem","position":2,"name":"Samsun Su Tesisat\u00e7\u0131s\u0131"}]},{"@type":"WebSite","@id":"https:\/\/karakocisisistemleri.com\/#website","url":"https:\/\/karakocisisistemleri.com\/","name":"Karako\u00e7 Tesisat Samsun","description":"","publisher":{"@id":"https:\/\/karakocisisistemleri.com\/#organization"},"potentialAction":[{"@type":"SearchAction","target":{"@type":"EntryPoint","urlTemplate":"https:\/\/karakocisisistemleri.com\/?s={search_term_string}"},"query-input":{"@type":"PropertyValueSpecification","valueRequired":true,"valueName":"search_term_string"}}],"inLanguage":"tr"},{"@type":"Organization","@id":"https:\/\/karakocisisistemleri.com\/#organization","name":"Karako\u00e7 Tesisat Samsun","url":"https:\/\/karakocisisistemleri.com\/","logo":{"@type":"ImageObject","inLanguage":"tr","@id":"https:\/\/karakocisisistemleri.com\/#\/schema\/logo\/image\/","url":"https:\/\/karakocisisistemleri.com\/wp-content\/uploads\/2023\/09\/dd.jpg","contentUrl":"https:\/\/karakocisisistemleri.com\/wp-content\/uploads\/2023\/09\/dd.jpg","width":275,"height":183,"caption":"Karako\u00e7 Tesisat Samsun"},"image":{"@id":"https:\/\/karakocisisistemleri.com\/#\/schema\/logo\/image\/"},"sameAs":["https:\/\/m.facebook.com\/people\/Karako-Is-Yap-Dekorasyon\/100002465574292\/","https:\/\/x.com\/karakoctesisat"]}]}},"_links":{"self":[{"href":"https:\/\/karakocisisistemleri.com\/index.php\/wp-json\/wp\/v2\/pages\/95","targetHints":{"allow":["GET"]}}],"collection":[{"href":"https:\/\/karakocisisistemleri.com\/index.php\/wp-json\/wp\/v2\/pages"}],"about":[{"href":"https:\/\/karakocisisistemleri.com\/index.php\/wp-json\/wp\/v2\/types\/page"}],"author":[{"embeddable":true,"href":"https:\/\/karakocisisistemleri.com\/index.php\/wp-json\/wp\/v2\/users\/1"}],"replies":[{"embeddable":true,"href":"https:\/\/karakocisisistemleri.com\/index.php\/wp-json\/wp\/v2\/comments?post=95"}],"version-history":[{"count":2,"href":"https:\/\/karakocisisistemleri.com\/index.php\/wp-json\/wp\/v2\/pages\/95\/revisions"}],"predecessor-version":[{"id":521,"href":"https:\/\/karakocisisistemleri.com\/index.php\/wp-json\/wp\/v2\/pages\/95\/revisions\/521"}],"wp:attachment":[{"href":"https:\/\/karakocisisistemleri.com\/index.php\/wp-json\/wp\/v2\/media?parent=95"}],"curies":[{"name":"wp","href":"https:\/\/api.w.org\/{rel}","templated":true}]}}